{"id":12,"date":"2015-12-26T22:57:57","date_gmt":"2015-12-26T22:57:57","guid":{"rendered":"http:\/\/15.188.72.69\/wp\/?page_id=12"},"modified":"2016-09-23T06:42:47","modified_gmt":"2016-09-23T06:42:47","slug":"articles","status":"publish","type":"page","link":"https:\/\/www.froses.com\/index.php\/ca\/articles\/","title":{"rendered":"Articles"},"content":{"rendered":"<p>Al llarg de la meva carrera, he publicat una s\u00e8rie d&#8217;articles t\u00e8cnics que poso a la seva disposici\u00f3.<\/p>\n<ul>\n<li><a href=\"http:\/\/15.188.72.69\/index.php\/ca\/articles-en-format-convencional\/\">Articles en format convencional<\/a><\/li>\n<li><a href=\"http:\/\/15.188.72.69\/index.php\/ca\/articles-en-format-electronic\/\">Articles en format electr\u00f2nic<\/a><\/li>\n<\/ul>\n","protected":false},"excerpt":{"rendered":"<p>Al llarg de la meva carrera, he publicat una s\u00e8rie d&#8217;articles t\u00e8cnics que poso a la seva disposici\u00f3. Articles en format convencional Articles en format electr\u00f2nic<\/p>\n","protected":false},"author":1,"featured_media":0,"parent":0,"menu_order":0,"comment_status":"closed","ping_status":"closed","template":"page-templates\/full-width.php","meta":{"footnotes":""},"class_list":["post-12","page","type-page","status-publish","hentry"],"_links":{"self":[{"href":"https:\/\/www.froses.com\/index.php\/wp-json\/wp\/v2\/pages\/12","targetHints":{"allow":["GET"]}}],"collection":[{"href":"https:\/\/www.froses.com\/index.php\/wp-json\/wp\/v2\/pages"}],"about":[{"href":"https:\/\/www.froses.com\/index.php\/wp-json\/wp\/v2\/types\/page"}],"author":[{"embeddable":true,"href":"https:\/\/www.froses.com\/index.php\/wp-json\/wp\/v2\/users\/1"}],"replies":[{"embeddable":true,"href":"https:\/\/www.froses.com\/index.php\/wp-json\/wp\/v2\/comments?post=12"}],"version-history":[{"count":4,"href":"https:\/\/www.froses.com\/index.php\/wp-json\/wp\/v2\/pages\/12\/revisions"}],"predecessor-version":[{"id":305,"href":"https:\/\/www.froses.com\/index.php\/wp-json\/wp\/v2\/pages\/12\/revisions\/305"}],"wp:attachment":[{"href":"https:\/\/www.froses.com\/index.php\/wp-json\/wp\/v2\/media?parent=12"}],"curies":[{"name":"wp","href":"https:\/\/api.w.org\/{rel}","templated":true}]}}