{"id":159,"date":"2016-01-10T07:26:25","date_gmt":"2016-01-10T07:26:25","guid":{"rendered":"http:\/\/15.188.72.69\/wp\/?page_id=159"},"modified":"2017-12-02T08:44:52","modified_gmt":"2017-12-02T08:44:52","slug":"finder-garbage-cleaner-descripcio","status":"publish","type":"page","link":"https:\/\/www.froses.com\/index.php\/ca\/finder-garbage-cleaner-descripcio\/","title":{"rendered":"Finder Garbage Cleaner &#8211; Descripci\u00f3"},"content":{"rendered":"<div id=\"attachment_278\" style=\"width: 510px\" class=\"wp-caption aligncenter\"><a href=\"https:\/\/www.dropbox.com\/s\/ak77xesqwtfoyf6\/FinderGarbageCleaner.png?dl=0\" rel=\"attachment wp-att-278\"><img loading=\"lazy\" decoding=\"async\" aria-describedby=\"caption-attachment-278\" class=\"wp-image-278\" src=\"http:\/\/15.188.72.69\/wp\/wp-content\/uploads\/2016\/01\/FinderGarbageCleaner-1-300x216.png\" alt=\"Finder Garbage Cleaner\" width=\"500\" height=\"360\" srcset=\"https:\/\/www.froses.com\/wp-content\/uploads\/2016\/01\/FinderGarbageCleaner-1-300x216.png 300w, https:\/\/www.froses.com\/wp-content\/uploads\/2016\/01\/FinderGarbageCleaner-1.png 534w\" sizes=\"auto, (max-width: 500px) 100vw, 500px\" \/><\/a><p id=\"caption-attachment-278\" class=\"wp-caption-text\">Finder Garbage Cleaner<\/p><\/div>\n<p>Si mai ha compartit els seus discos de Windows o Linux \/ Unix amb el sistema operatiu d&#8217;Apple\u00a0OS X, haur\u00e0 notat que OS X deixa algunes marques a les carpetes compartides, com ara <code>.DS_Store<\/code> o\u00a0<code>.AppleDouble<\/code>. Aquests fitxers i carpetes s\u00f3n molt molestos ja que apareixen en cada carpeta que accedeixes des d&#8217;OS X.<\/p>\n<p>Fins i tot quan es comprimeix una carpeta en un fitxer Zip fent servir l&#8217;eina de compressi\u00f3 del sistema, s&#8217;afegeixen alguns fitxers i carpetes al fitxer Zip resultant.<\/p>\n<p>Vaig desenvolupar <em>Finder Garbage Cleaner<\/em> per pal\u00b7liar\u00a0les mol\u00e8sties que em causava aquesta peculiaritat d&#8217;OS X. L&#8217;aplicaci\u00f3 t\u00e9 com a objectiu esborrar els fitxers no desitjats de manera f\u00e0cil.<\/p>\n<p><em>Finder Garbage Cleaner<\/em>\u00a0esborra els seg\u00fcents fitxers i carpetes:<\/p>\n<ul>\n<li><code>.Apple<\/code><\/li>\n<li><code>.DS_Store<\/code><\/li>\n<li><code>._.DS_Store<\/code> i<\/li>\n<li><code>:2eDS_Store<\/code><\/li>\n<\/ul>\n<p><em>Finder Garbage Cleaner<\/em> esborra els fitxers i carpetes no desitjats de les carpetes que indiquem i de totes les seves subcarpetes.<\/p>\n<p><em>Finder Garbage Cleaner<\/em> tamb\u00e9 elimina les carpetes <code>__MACOSX<\/code> dels seus fitxers Zip.<\/p>\n<p>Per utilitzar l&#8217;eina,<\/p>\n<ol>\n<li>Instal\u00b7li, si no ho est\u00e0, el\u00a0JRE (Java Runtime Environment) 7.0 o superior.<\/li>\n<li>Descarregui\u00a0l&#8217;arxiu de l&#8217;aplicaci\u00f3\u00a0<a href=\"https:\/\/www.dropbox.com\/s\/dag8dpmq7rm5wsm\/FinderGarbageCleaner.jar?dl=0\">aqu\u00ed<\/a>.<\/li>\n<li>Executi l&#8217;aplicaci\u00f3 fent doble clic sobre l&#8217;arxiu de l&#8217;aplicaci\u00f3 descarregat.<\/li>\n<li>Arrossegui a la finestra de l&#8217;aplicaci\u00f3 les carpetes i arxius comprimits en format Zip a netejar.<\/li>\n<\/ol>\n","protected":false},"excerpt":{"rendered":"<p>Si mai ha compartit els seus discos de Windows o Linux \/ Unix amb el sistema operatiu d&#8217;Apple\u00a0OS X, haur\u00e0 notat que OS X deixa algunes marques a les carpetes compartides, com ara .DS_Store o\u00a0.AppleDouble. Aquests fitxers i carpetes s\u00f3n molt molestos ja que apareixen en cada carpeta que accedeixes des d&#8217;OS X. Fins i [&hellip;]<\/p>\n","protected":false},"author":1,"featured_media":0,"parent":0,"menu_order":0,"comment_status":"closed","ping_status":"closed","template":"page-templates\/full-width.php","meta":{"footnotes":""},"class_list":["post-159","page","type-page","status-publish","hentry"],"_links":{"self":[{"href":"https:\/\/www.froses.com\/index.php\/wp-json\/wp\/v2\/pages\/159","targetHints":{"allow":["GET"]}}],"collection":[{"href":"https:\/\/www.froses.com\/index.php\/wp-json\/wp\/v2\/pages"}],"about":[{"href":"https:\/\/www.froses.com\/index.php\/wp-json\/wp\/v2\/types\/page"}],"author":[{"embeddable":true,"href":"https:\/\/www.froses.com\/index.php\/wp-json\/wp\/v2\/users\/1"}],"replies":[{"embeddable":true,"href":"https:\/\/www.froses.com\/index.php\/wp-json\/wp\/v2\/comments?post=159"}],"version-history":[{"count":18,"href":"https:\/\/www.froses.com\/index.php\/wp-json\/wp\/v2\/pages\/159\/revisions"}],"predecessor-version":[{"id":374,"href":"https:\/\/www.froses.com\/index.php\/wp-json\/wp\/v2\/pages\/159\/revisions\/374"}],"wp:attachment":[{"href":"https:\/\/www.froses.com\/index.php\/wp-json\/wp\/v2\/media?parent=159"}],"curies":[{"name":"wp","href":"https:\/\/api.w.org\/{rel}","templated":true}]}}