{"id":46,"date":"2015-12-26T22:58:24","date_gmt":"2015-12-26T22:58:24","guid":{"rendered":"http:\/\/15.188.72.69\/wp\/?page_id=46"},"modified":"2017-03-30T02:51:48","modified_gmt":"2017-03-30T02:51:48","slug":"articles-en-format-convencional","status":"publish","type":"page","link":"https:\/\/www.froses.com\/index.php\/ca\/articles-en-format-convencional\/","title":{"rendered":"Articles en format convencional"},"content":{"rendered":"<p>Al principi de la meva carrera, l&#8217;\u00fanica manera de publicar era en format convencional. \u00c9s a dir, en paper.<\/p>\n<p>Tot seguit, els en presento una relaci\u00f3 amb els enlla\u00e7os a l&#8217;article en els casos que els he pogut recuperar.<\/p>\n<table width=\"729\" cellspacing=\"0\" cellpadding=\"5\">\n<colgroup>\n<col width=\"56\" \/>\n<col width=\"651\" \/><\/colgroup>\n<tbody>\n<tr valign=\"top\">\n<td width=\"56\">\n<p lang=\"es-ES\"><span style=\"color: #000000;\"><span style=\"font-size: medium;\"><b>1995<\/b><\/span><\/span><\/p>\n<\/td>\n<td width=\"651\">\n<p align=\"left\"><span style=\"color: #000000;\"><span style=\"font-size: medium;\"><span lang=\"es-ES\">F. R<\/span><\/span><\/span><span style=\"color: #000000;\"><span style=\"font-size: xx-small;\"><span lang=\"es-ES\">OS\u00c9S,<\/span><\/span><\/span><span style=\"color: #000000;\"><span style=\"font-size: medium;\"><span lang=\"es-ES\"> J. M. B<\/span><\/span><\/span><span style=\"color: #000000;\"><span style=\"font-size: xx-small;\"><span lang=\"es-ES\">LASCO<\/span><\/span><\/span><span style=\"color: #000000;\"><span style=\"font-size: medium;\"><span lang=\"es-ES\">. <\/span><\/span><\/span><span style=\"color: #000000;\"><span style=\"font-size: medium;\"><span lang=\"es-ES\"><i>Introducci\u00f3n a la programaci\u00f3n visual con REXX en OS\/2.<\/i><\/span><\/span><\/span><span style=\"color: #000000;\"><span style=\"font-size: medium;\"><span lang=\"es-ES\">\u00a0 Revista profesional para programadores (RPP) n\u00ba 9, Ed. Anaya Multimedia, Juliol 1995 <a href=\"https:\/\/www.dropbox.com\/s\/d07qlp5akwwpaxn\/1995-07-Introduccion-a-la-programacion-visual-con-REXX-en-OS2-I.pdf?dl=0\"><img loading=\"lazy\" decoding=\"async\" class=\"alignnone wp-image-102 size-full\" src=\"http:\/\/15.188.72.69\/wp-content\/uploads\/2015\/12\/pdf.gif\" alt=\"Polsi per descarregar.\" width=\"40\" height=\"13\" \/><\/a><\/span><\/span><\/span><\/p>\n<\/td>\n<\/tr>\n<tr valign=\"top\">\n<td rowspan=\"6\" width=\"56\" height=\"52\">\n<p lang=\"es-ES\" align=\"left\"><span style=\"color: #000000;\"><span style=\"font-size: medium;\"><b>1996<\/b><\/span><\/span><\/p>\n<\/td>\n<td width=\"651\">\n<p align=\"left\"><span style=\"color: #000000;\"><span style=\"font-size: medium;\"><span lang=\"es-ES\">F. R<\/span><\/span><\/span><span style=\"color: #000000;\"><span style=\"font-size: xx-small;\"><span lang=\"es-ES\">OS\u00c9S<\/span><\/span><\/span><span style=\"color: #000000;\"><span style=\"font-size: medium;\"><span lang=\"es-ES\">, J. M. B<\/span><\/span><\/span><span style=\"color: #000000;\"><span style=\"font-size: xx-small;\"><span lang=\"es-ES\">LASCO<\/span><\/span><\/span><span style=\"color: #000000;\"><span style=\"font-size: medium;\"><span lang=\"es-ES\">. <\/span><\/span><\/span><span style=\"color: #000000;\"><span style=\"font-size: medium;\"><span lang=\"es-ES\"><i>Utilidades para OS\/2.<\/i><\/span><\/span><\/span><span style=\"color: #000000;\"><span style=\"font-size: medium;\"><span lang=\"es-ES\">\u00a0Revista profesional para programadores (RPP) n\u00ba 3-0696-16, Ed. Am\u00e9rica Ib\u00e9rica, Mar\u00e7 1996, pp. 26-30 i CD-ROM que acompanya la revista. <a href=\"https:\/\/www.dropbox.com\/s\/n9r04vnflcudxg1\/1996-03-Utilidades-para-OS-2.pdf?dl=0\"><img loading=\"lazy\" decoding=\"async\" class=\"alignnone wp-image-102 size-full\" src=\"http:\/\/15.188.72.69\/wp-content\/uploads\/2015\/12\/pdf.gif\" alt=\"Polsi per descarregar.\" width=\"40\" height=\"13\" \/><\/a><\/span><\/span><\/span><\/p>\n<\/td>\n<\/tr>\n<tr valign=\"top\">\n<td width=\"651\">\n<p align=\"left\"><span style=\"color: #000000;\"><span style=\"font-size: medium;\"><span lang=\"es-ES\">F. R<\/span><\/span><\/span><span style=\"color: #000000;\"><span style=\"font-size: xx-small;\"><span lang=\"es-ES\">OS\u00c9S<\/span><\/span><\/span><span style=\"color: #000000;\"><span style=\"font-size: medium;\"><span lang=\"es-ES\">, J. M. B<\/span><\/span><\/span><span style=\"color: #000000;\"><span style=\"font-size: xx-small;\"><span lang=\"es-ES\">LASCO<\/span><\/span><\/span><span style=\"color: #000000;\"><span style=\"font-size: medium;\"><span lang=\"es-ES\">. <\/span><\/span><\/span><span style=\"color: #000000;\"><span style=\"font-size: medium;\"><span lang=\"es-ES\"><i>VisPro\/REXX y VX\u00b7REXX.<\/i><\/span><\/span><\/span><span style=\"color: #000000;\"><span style=\"font-size: medium;\"><span lang=\"es-ES\">\u00a0Revista profesional para programadores (RPP) n\u00ba 3-0696-16, Ed. Am\u00e9rica Ib\u00e9rica, Mar\u00e7 1996, pp. 31-36. <a href=\"https:\/\/www.dropbox.com\/s\/br495f8ymipskxu\/1996-03-Programacion-visual-en-REXX-VisPro-REXX-y-VX-REXX.pdf?dl=0\"><img loading=\"lazy\" decoding=\"async\" class=\"alignnone wp-image-102 size-full\" src=\"http:\/\/15.188.72.69\/wp-content\/uploads\/2015\/12\/pdf.gif\" alt=\"Polsi per descarregar.\" width=\"40\" height=\"13\" \/><\/a><\/span><\/span><\/span><\/p>\n<\/td>\n<\/tr>\n<tr valign=\"top\">\n<td width=\"651\">\n<p align=\"left\"><span style=\"color: #000000;\"><span style=\"font-size: medium;\"><span lang=\"es-ES\">J. M. B<\/span><\/span><\/span><span style=\"color: #000000;\"><span style=\"font-size: xx-small;\"><span lang=\"es-ES\">LASCO<\/span><\/span><\/span><span style=\"color: #000000;\"><span style=\"font-size: medium;\"><span lang=\"es-ES\">, F. R<\/span><\/span><\/span><span style=\"color: #000000;\"><span style=\"font-size: xx-small;\"><span lang=\"es-ES\">OS\u00c9S<\/span><\/span><\/span><span style=\"color: #000000;\"><span style=\"font-size: medium;\"><span lang=\"es-ES\">. <\/span><\/span><\/span><span style=\"color: #000000;\"><span style=\"font-size: medium;\"><span lang=\"es-ES\"><i>Novedades en DB2\/2 versi\u00f3n 2.1.<\/i><\/span><\/span><\/span><span style=\"color: #000000;\"><span style=\"font-size: medium;\"><span lang=\"es-ES\">\u00a0Revista profesional para programadores (RPP) n\u00ba 3-0696-16, Ed. Am\u00e9rica Ib\u00e9rica, Mar\u00e7 1996. <a href=\"https:\/\/www.dropbox.com\/s\/atqdy031kqye9oa\/1996-03-Bases-de-datos-relacionales-Novedades-en-DB2-2-version-2-1.pdf?dl=0\"><img loading=\"lazy\" decoding=\"async\" class=\"alignnone wp-image-102 size-full\" src=\"http:\/\/15.188.72.69\/wp-content\/uploads\/2015\/12\/pdf.gif\" alt=\"Polsi per descarregar.\" width=\"40\" height=\"13\" \/><\/a><\/span><\/span><\/span><\/p>\n<\/td>\n<\/tr>\n<tr valign=\"top\">\n<td width=\"651\">\n<p align=\"left\"><span style=\"color: #000000;\"><span style=\"font-size: medium;\"><span lang=\"es-ES\">F. R<\/span><\/span><\/span><span style=\"color: #000000;\"><span style=\"font-size: xx-small;\"><span lang=\"es-ES\">OS\u00c9S<\/span><\/span><\/span><span style=\"color: #000000;\"><span style=\"font-size: medium;\"><span lang=\"es-ES\">. <\/span><\/span><\/span><span style=\"color: #000000;\"><span style=\"font-size: medium;\"><span lang=\"es-ES\"><i>Configuraci\u00f3n del Escritorio de OS\/2 Warp mediante Rexx.<\/i><\/span><\/span><\/span><span style=\"color: #000000;\"><span style=\"font-size: medium;\"><span lang=\"es-ES\">\u00a0Revista profesional para programadores (RPP) n\u00ba 4-0696-17, Ed. Am\u00e9rica Ib\u00e9rica, Abril 1996.<\/span><\/span><\/span><\/p>\n<\/td>\n<\/tr>\n<tr valign=\"top\">\n<td width=\"651\">\n<p align=\"left\"><span style=\"color: #000000;\"><span style=\"font-size: medium;\"><span lang=\"es-ES\">J. M. B<\/span><\/span><\/span><span style=\"color: #000000;\"><span style=\"font-size: xx-small;\"><span lang=\"es-ES\">LASCO<\/span><\/span><\/span><span style=\"color: #000000;\"><span style=\"font-size: medium;\"><span lang=\"es-ES\">, F. R<\/span><\/span><\/span><span style=\"color: #000000;\"><span style=\"font-size: xx-small;\"><span lang=\"es-ES\">OS\u00c9S<\/span><\/span><\/span><span style=\"color: #000000;\"><span style=\"font-size: medium;\"><span lang=\"es-ES\">. <\/span><\/span><\/span><span style=\"color: #000000;\"><span style=\"font-size: medium;\"><span lang=\"en-US\"><i>Merlin.<\/i><\/span><\/span><\/span><span style=\"color: #000000;\"><span style=\"font-size: medium;\"><span lang=\"es-ES\"><i> La nueva generaci\u00f3n de OS\/2 Warp.<\/i><\/span><\/span><\/span><span style=\"color: #000000;\"><span style=\"font-size: medium;\"><span lang=\"es-ES\">\u00a0Revista profesional para programadores (RPP) n\u00ba 9-1296-22, Ed. Am\u00e9rica Ib\u00e9rica, Setembre 1996. <a href=\"https:\/\/www.dropbox.com\/s\/55spx63tyii4jix\/1996-10-Merlin-La-nueva-generacion-de-OS2-Warp.pdf?dl=0\"><img loading=\"lazy\" decoding=\"async\" class=\"alignnone wp-image-102 size-full\" src=\"http:\/\/15.188.72.69\/wp-content\/uploads\/2015\/12\/pdf.gif\" alt=\"Polsi per descarregar.\" width=\"40\" height=\"13\" \/><\/a><\/span><\/span><\/span><\/p>\n<\/td>\n<\/tr>\n<tr valign=\"top\">\n<td width=\"651\">\n<p align=\"left\"><span style=\"color: #000000;\"><span style=\"font-size: medium;\"><span lang=\"es-ES\">J. M. B<\/span><\/span><\/span><span style=\"color: #000000;\"><span style=\"font-size: xx-small;\"><span lang=\"es-ES\">LASCO<\/span><\/span><\/span><span style=\"color: #000000;\"><span style=\"font-size: medium;\"><span lang=\"es-ES\">, F. R<\/span><\/span><\/span><span style=\"color: #000000;\"><span style=\"font-size: xx-small;\"><span lang=\"es-ES\">OS\u00c9S<\/span><\/span><\/span><span style=\"color: #000000;\"><span style=\"font-size: medium;\"><span lang=\"es-ES\">. <\/span><\/span><\/span><span style=\"color: #000000;\"><span style=\"font-size: medium;\"><span lang=\"en-GB\"><i>OS\/2 Warp Server<\/i><\/span><\/span><\/span><span style=\"color: #000000;\"><span style=\"font-size: medium;\"><span lang=\"en-GB\">. <\/span><\/span><\/span><span style=\"color: #000000;\"><span style=\"font-size: medium;\"><span lang=\"es-ES\">Revista profesional para programadores (RPP) n\u00ba 9-1296-22, Ed. Am\u00e9rica Ib\u00e9rica, Setembre 1996. <a href=\"https:\/\/www.dropbox.com\/s\/gj9yk13husmii44\/1996-10-OS2-Warp-Server.pdf?dl=0\"><img loading=\"lazy\" decoding=\"async\" class=\"alignnone wp-image-102 size-full\" src=\"http:\/\/15.188.72.69\/wp-content\/uploads\/2015\/12\/pdf.gif\" alt=\"Polsi per descarregar.\" width=\"40\" height=\"13\" \/><\/a><\/span><\/span><\/span><\/p>\n<\/td>\n<\/tr>\n<tr valign=\"top\">\n<td width=\"56\">\n<p lang=\"es-ES\" align=\"left\"><span style=\"color: #000000;\"><span style=\"font-size: medium;\"><b>2006<\/b><\/span><\/span><\/p>\n<\/td>\n<td width=\"651\">\n<p lang=\"es-ES\"><span style=\"color: #000000;\"><span style=\"font-size: medium;\">F. R<\/span><\/span><span style=\"color: #000000;\"><span style=\"font-size: xx-small;\">OS\u00c9S<\/span><\/span><span style=\"color: #000000;\"><span style=\"font-size: medium;\">. <span lang=\"es-ES\">\u00a0<\/span><span style=\"color: #000000;\"><span style=\"font-size: medium;\"><span lang=\"es-ES\"><i>Los frameworks nos gustan mucho, por eso tenemos tantos<\/i>. S\u00f3lo Programadores, n\u00ba 134, Febrer 2006.<\/span><\/span><\/span><\/span><\/span><\/p>\n<\/td>\n<\/tr>\n<\/tbody>\n<\/table>\n","protected":false},"excerpt":{"rendered":"<p>Al principi de la meva carrera, l&#8217;\u00fanica manera de publicar era en format convencional. \u00c9s a dir, en paper. Tot seguit, els en presento una relaci\u00f3 amb els enlla\u00e7os a l&#8217;article en els casos que els he pogut recuperar. 1995 F. ROS\u00c9S, J. M. BLASCO. Introducci\u00f3n a la programaci\u00f3n visual con REXX en OS\/2.\u00a0 Revista [&hellip;]<\/p>\n","protected":false},"author":1,"featured_media":0,"parent":0,"menu_order":0,"comment_status":"closed","ping_status":"closed","template":"page-templates\/full-width.php","meta":{"footnotes":""},"class_list":["post-46","page","type-page","status-publish","hentry"],"_links":{"self":[{"href":"https:\/\/www.froses.com\/index.php\/wp-json\/wp\/v2\/pages\/46","targetHints":{"allow":["GET"]}}],"collection":[{"href":"https:\/\/www.froses.com\/index.php\/wp-json\/wp\/v2\/pages"}],"about":[{"href":"https:\/\/www.froses.com\/index.php\/wp-json\/wp\/v2\/types\/page"}],"author":[{"embeddable":true,"href":"https:\/\/www.froses.com\/index.php\/wp-json\/wp\/v2\/users\/1"}],"replies":[{"embeddable":true,"href":"https:\/\/www.froses.com\/index.php\/wp-json\/wp\/v2\/comments?post=46"}],"version-history":[{"count":9,"href":"https:\/\/www.froses.com\/index.php\/wp-json\/wp\/v2\/pages\/46\/revisions"}],"predecessor-version":[{"id":355,"href":"https:\/\/www.froses.com\/index.php\/wp-json\/wp\/v2\/pages\/46\/revisions\/355"}],"wp:attachment":[{"href":"https:\/\/www.froses.com\/index.php\/wp-json\/wp\/v2\/media?parent=46"}],"curies":[{"name":"wp","href":"https:\/\/api.w.org\/{rel}","templated":true}]}}