{"id":50,"date":"2015-12-26T22:58:36","date_gmt":"2015-12-26T22:58:36","guid":{"rendered":"http:\/\/15.188.72.69\/wp\/?page_id=50"},"modified":"2017-05-04T18:04:56","modified_gmt":"2017-05-04T18:04:56","slug":"articles-en-format-electronic","status":"publish","type":"page","link":"https:\/\/www.froses.com\/index.php\/ca\/articles-en-format-electronic\/","title":{"rendered":"Articles en format electr\u00f2nic"},"content":{"rendered":"<p>Amb l&#8217;expansi\u00f3 d&#8217;Internet el format convencional de publicaci\u00f3, el paper, va deixant lloc, especialment en l&#8217;\u00e0mbit de la literatura t\u00e8cnica, a les publicacions en format digital.<\/p>\n<p>Durant el darrer trimestre de 2004 i el primer de 2005, publico quatre articles a javaHispano (<a href=\"http:\/\/www.javahispano.org\" target=\"_blank\" rel=\"noopener noreferrer\">http:\/\/www.javahispano.org<\/a>).<\/p>\n<ul>\n<li><em>JTable, TableModel y rendimiento<\/em> &#8211; Aquest article planteja un \u00fas m\u00e9s racional dels models de JTable i proposa una soluci\u00f3 per al maneig\u00a0de grans volums de registres des d\u2019aquest component Swing.\u00a0<a href=\"https:\/\/www.dropbox.com\/s\/kqmv51p2xfiejts\/TableModels.pdf?dl=0\" target=\"_blank\" rel=\"noopener noreferrer\"><img loading=\"lazy\" decoding=\"async\" class=\"alignnone wp-image-102 size-full\" title=\"JTable, TableModel y rendimiento\" src=\"http:\/\/15.188.72.69\/wp-content\/uploads\/2015\/12\/pdf.gif\" alt=\"Descarregar article (PDF)\" width=\"40\" height=\"13\" \/><\/a>\u00a0<a href=\"https:\/\/www.dropbox.com\/s\/r1u898mu7sp1yj6\/TABLEMODELS_SRC.zip?dl=0\" target=\"_blank\" rel=\"noopener noreferrer\"><img loading=\"lazy\" decoding=\"async\" class=\"alignnone wp-image-95\" title=\"Descarregar el codi font.\" src=\"http:\/\/15.188.72.69\/wp-content\/uploads\/2016\/01\/ZIP.png\" alt=\"Zip\" width=\"16\" height=\"16\" srcset=\"https:\/\/www.froses.com\/wp-content\/uploads\/2016\/01\/ZIP.png 256w, https:\/\/www.froses.com\/wp-content\/uploads\/2016\/01\/ZIP-150x150.png 150w\" sizes=\"auto, (max-width: 16px) 100vw, 16px\" \/><\/a><\/li>\n<li><em>Subreports con Jasper Report<\/em> &#8211; Tutorial destinat a cobrir el buit informatiu sobre l\u2019\u00fas de subreports a JasperReports.\u00a0<a href=\"http:\/\/15.188.72.69\/wp-content\/uploads\/2015\/12\/pdf.gif\" target=\"_blank\" rel=\"noopener noreferrer\">\u00a0<\/a><a href=\"https:\/\/www.dropbox.com\/s\/mbkum2j4sh6udot\/SUBREPORTS_TUTORIAL.pdf?dl=0\" target=\"_blank\" rel=\"noopener noreferrer\"><img loading=\"lazy\" decoding=\"async\" class=\"alignnone wp-image-102 size-full\" title=\"Subreports con Jasper Report\" src=\"http:\/\/15.188.72.69\/wp-content\/uploads\/2015\/12\/pdf.gif\" alt=\"\" width=\"40\" height=\"13\" \/><\/a><a href=\"https:\/\/www.dropbox.com\/s\/7ubviwscvbto9w4\/SUBREPORTS_TUTORIAL_SRC.zip?dl=0\" target=\"_blank\" rel=\"noopener noreferrer\"><img loading=\"lazy\" decoding=\"async\" class=\"alignnone wp-image-95\" title=\"Descarregar el codi font.\" src=\"http:\/\/15.188.72.69\/wp-content\/uploads\/2016\/01\/ZIP.png\" alt=\"Zip\" width=\"16\" height=\"16\" srcset=\"https:\/\/www.froses.com\/wp-content\/uploads\/2016\/01\/ZIP.png 256w, https:\/\/www.froses.com\/wp-content\/uploads\/2016\/01\/ZIP-150x150.png 150w\" sizes=\"auto, (max-width: 16px) 100vw, 16px\" \/><\/a><\/li>\n<li><em>Introducci\u00f3n a Hibernate<\/em> &#8211; Introducci\u00f3 al framework de persist\u00e8ncia objectual Hibernate.<br \/>\n[Premi javaHispano al millor article de 2005]\u00a0<a href=\"http:\/\/15.188.72.69\/wp-content\/uploads\/2015\/12\/pdf.gif\" target=\"_blank\" rel=\"noopener noreferrer\">\u00a0<\/a><a href=\"https:\/\/www.dropbox.com\/s\/ehnyagmj5lv7m75\/Hibernate_Introduccion_CA.pdf?dl=0\" target=\"_blank\" rel=\"noopener noreferrer\"><img loading=\"lazy\" decoding=\"async\" class=\"alignnone wp-image-102 size-full\" title=\"Introducci\u00f3n a Hibernate\" src=\"http:\/\/15.188.72.69\/wp-content\/uploads\/2015\/12\/pdf.gif\" alt=\"\" width=\"40\" height=\"13\" \/><\/a><a href=\"https:\/\/www.dropbox.com\/s\/jy6j8cvmhql4mrx\/HIBERNATE_INTRODUCCION_SRC.zip?dl=0\" target=\"_blank\" rel=\"noopener noreferrer\"><img loading=\"lazy\" decoding=\"async\" class=\"alignnone wp-image-95\" title=\"Descarregar el codi font.\" src=\"http:\/\/15.188.72.69\/wp-content\/uploads\/2016\/01\/ZIP.png\" alt=\"Zip\" width=\"16\" height=\"16\" srcset=\"https:\/\/www.froses.com\/wp-content\/uploads\/2016\/01\/ZIP.png 256w, https:\/\/www.froses.com\/wp-content\/uploads\/2016\/01\/ZIP-150x150.png 150w\" sizes=\"auto, (max-width: 16px) 100vw, 16px\" \/><\/a><\/li>\n<li><em>Usos interesantes de JFormattedTextField<\/em> \u2013 Tutorial sobre els fonaments i usos de JFormattedTextField, amb widgets d\u2019exemple.\u00a0<a href=\"https:\/\/www.dropbox.com\/s\/xbsmfngmonirkxe\/JFormattedTextField.pdf?dl=0\" target=\"_blank\" rel=\"noopener noreferrer\"><img loading=\"lazy\" decoding=\"async\" class=\"alignnone wp-image-102 size-full\" title=\"Usos interesantes de JFormattedTextField\" src=\"http:\/\/15.188.72.69\/wp-content\/uploads\/2015\/12\/pdf.gif\" alt=\"\" width=\"40\" height=\"13\" \/><\/a>\u00a0<a href=\"https:\/\/www.dropbox.com\/s\/t5n7u1zd9j4732i\/JFORMATTEDTEXTFIELD_SRC.zip?dl=0\" target=\"_blank\" rel=\"noopener noreferrer\"><img loading=\"lazy\" decoding=\"async\" class=\"alignnone wp-image-95\" title=\"Descarregar el codi font.\" src=\"http:\/\/15.188.72.69\/wp-content\/uploads\/2016\/01\/ZIP.png\" alt=\"Zip\" width=\"16\" height=\"16\" srcset=\"https:\/\/www.froses.com\/wp-content\/uploads\/2016\/01\/ZIP.png 256w, https:\/\/www.froses.com\/wp-content\/uploads\/2016\/01\/ZIP-150x150.png 150w\" sizes=\"auto, (max-width: 16px) 100vw, 16px\" \/><\/a><\/li>\n<\/ul>\n","protected":false},"excerpt":{"rendered":"<p>Amb l&#8217;expansi\u00f3 d&#8217;Internet el format convencional de publicaci\u00f3, el paper, va deixant lloc, especialment en l&#8217;\u00e0mbit de la literatura t\u00e8cnica, a les publicacions en format digital. Durant el darrer trimestre de 2004 i el primer de 2005, publico quatre articles a javaHispano (http:\/\/www.javahispano.org). JTable, TableModel y rendimiento &#8211; Aquest article planteja un \u00fas m\u00e9s racional [&hellip;]<\/p>\n","protected":false},"author":1,"featured_media":0,"parent":0,"menu_order":0,"comment_status":"closed","ping_status":"closed","template":"page-templates\/full-width.php","meta":{"footnotes":""},"class_list":["post-50","page","type-page","status-publish","hentry"],"_links":{"self":[{"href":"https:\/\/www.froses.com\/index.php\/wp-json\/wp\/v2\/pages\/50","targetHints":{"allow":["GET"]}}],"collection":[{"href":"https:\/\/www.froses.com\/index.php\/wp-json\/wp\/v2\/pages"}],"about":[{"href":"https:\/\/www.froses.com\/index.php\/wp-json\/wp\/v2\/types\/page"}],"author":[{"embeddable":true,"href":"https:\/\/www.froses.com\/index.php\/wp-json\/wp\/v2\/users\/1"}],"replies":[{"embeddable":true,"href":"https:\/\/www.froses.com\/index.php\/wp-json\/wp\/v2\/comments?post=50"}],"version-history":[{"count":20,"href":"https:\/\/www.froses.com\/index.php\/wp-json\/wp\/v2\/pages\/50\/revisions"}],"predecessor-version":[{"id":366,"href":"https:\/\/www.froses.com\/index.php\/wp-json\/wp\/v2\/pages\/50\/revisions\/366"}],"wp:attachment":[{"href":"https:\/\/www.froses.com\/index.php\/wp-json\/wp\/v2\/media?parent=50"}],"curies":[{"name":"wp","href":"https:\/\/api.w.org\/{rel}","templated":true}]}}