{"id":64,"date":"2015-12-29T15:30:52","date_gmt":"2015-12-29T15:30:52","guid":{"rendered":"http:\/\/15.188.72.69\/wp\/?page_id=64"},"modified":"2017-05-04T18:07:22","modified_gmt":"2017-05-04T18:07:22","slug":"descarregues","status":"publish","type":"page","link":"https:\/\/www.froses.com\/index.php\/ca\/descarregues\/","title":{"rendered":"Desc\u00e0rregues"},"content":{"rendered":"<p>Durant la meva traject\u00f2ria professional en el m\u00f3n de la inform\u00e0tica, he desenvolupat algunes eines\u00a0que crec que poden ser d&#8217;inter\u00e8s general. Poc a poc, les anir\u00e9 posant en aquest apartat.<\/p>\n<p>Val a dir, que tot el que hi trobaran ha estat desenvolupat per al meu \u00fas personal, per la qual cosa, poden trobar-hi errors i pot ser que la documentaci\u00f3 no sigui prou completa. Internar\u00e9, sempre que el temps m&#8217;ho permeti, completar les mancances. Malgrat tot, com proporciono el codi font, sempre el poden corregir vost\u00e8s mateixos.<\/p>\n<table>\n<thead>\n<tr>\n<th>Aplicaci\u00f3<\/th>\n<th>Descripci\u00f3<\/th>\n<th>Codi font<\/th>\n<\/tr>\n<\/thead>\n<tbody>\n<tr>\n<td style=\"vertical-align: top;\">Finder Garbage Cleaner<\/td>\n<td style=\"vertical-align: top;\">Eina per eliminar de manera senzilla els fitxers i carpetes que el sistema operatiu d&#8217;Apple OS X deixa a discos i carpetes que no tenen el seu format d&#8217;arxius (HFS). [<a href=\"http:\/\/15.188.72.69\/index.php\/ca\/finder-garbage-cleaner-descripcio\/\" target=\"_blank\" rel=\"noopener noreferrer\">M\u00e9s informaci\u00f3<\/a>]<\/td>\n<td style=\"vertical-align: top;\"><a href=\"https:\/\/www.dropbox.com\/s\/399e0nuj1nztx34\/FinderGarbageCleaner.zip?dl=0\" target=\"_blank\" rel=\"attachment wp-att-95 noopener noreferrer\"><img loading=\"lazy\" decoding=\"async\" class=\"alignnone wp-image-95\" title=\"Descarregar el codi font.\" src=\"http:\/\/15.188.72.69\/wp-content\/uploads\/2016\/01\/ZIP.png\" alt=\"Zip\" width=\"32\" height=\"32\" srcset=\"https:\/\/www.froses.com\/wp-content\/uploads\/2016\/01\/ZIP.png 256w, https:\/\/www.froses.com\/wp-content\/uploads\/2016\/01\/ZIP-150x150.png 150w\" sizes=\"auto, (max-width: 32px) 100vw, 32px\" \/><\/a><\/td>\n<\/tr>\n<tr>\n<td style=\"vertical-align: top;\">TradCatInformatica<\/td>\n<td style=\"vertical-align: top;\">Eina d&#8217;ajuda a l&#8217;escriptura i traducci\u00f3 de textos en catal\u00e0 relacionats amb les tecnologies inform\u00e0tiques.<\/p>\n<p>L&#8217;aplicaci\u00f3 permet consultar de manera f\u00e0cil les equival\u00e8ncies en catal\u00e0 dels termes inform\u00e0tics anglesos. [<a href=\"http:\/\/15.188.72.69\/index.php\/ca\/tradcatinformatica-descripcio\/\" target=\"_blank\" rel=\"noopener noreferrer\">M\u00e9s informaci\u00f3<\/a>]<\/td>\n<td style=\"vertical-align: top;\">\u00a0<a href=\"https:\/\/www.dropbox.com\/s\/wr77jdtn02scsz7\/TradCatInformatica.zip?dl=0\" target=\"_blank\" rel=\"attachment wp-att-95 noopener noreferrer\"><img loading=\"lazy\" decoding=\"async\" class=\"alignnone wp-image-95\" title=\"Descarregar el codi font.\" src=\"http:\/\/15.188.72.69\/wp-content\/uploads\/2016\/01\/ZIP.png\" alt=\"Zip\" width=\"32\" height=\"32\" srcset=\"https:\/\/www.froses.com\/wp-content\/uploads\/2016\/01\/ZIP.png 256w, https:\/\/www.froses.com\/wp-content\/uploads\/2016\/01\/ZIP-150x150.png 150w\" sizes=\"auto, (max-width: 32px) 100vw, 32px\" \/><\/a><\/td>\n<\/tr>\n<tr>\n<td style=\"vertical-align: top;\">StringTools<\/td>\n<td style=\"vertical-align: top;\">\u00a0Funcions Java per al tractament de tires de car\u00e0cters que reprodueixen la major part de les que hi ha al llenguatge Rexx. [<a href=\"http:\/\/15.188.72.69\/index.php\/ca\/stringtools-descripcio\/\" target=\"_blank\" rel=\"noopener noreferrer\">M\u00e9s informaci\u00f3<\/a>]<\/td>\n<td style=\"vertical-align: top;\">\u00a0<a href=\"https:\/\/www.dropbox.com\/s\/mzhzzuwrrd6m25k\/FStringTools.zip?dl=0\" target=\"_blank\" rel=\"attachment wp-att-95 noopener noreferrer\"><img loading=\"lazy\" decoding=\"async\" class=\"alignnone wp-image-95\" title=\"Descarregar el codi font.\" src=\"http:\/\/15.188.72.69\/wp-content\/uploads\/2016\/01\/ZIP.png\" alt=\"Zip\" width=\"32\" height=\"32\" srcset=\"https:\/\/www.froses.com\/wp-content\/uploads\/2016\/01\/ZIP.png 256w, https:\/\/www.froses.com\/wp-content\/uploads\/2016\/01\/ZIP-150x150.png 150w\" sizes=\"auto, (max-width: 32px) 100vw, 32px\" \/><\/a><\/td>\n<\/tr>\n<tr>\n<td style=\"vertical-align: top;\">Widgets<\/td>\n<td style=\"vertical-align: top;\">Conjunt de widgets visuals i no visuals per al desenvolupament d&#8217;interf\u00edcies d&#8217;usuari amb Swing. [<a href=\"http:\/\/15.188.72.69\/index.php\/ca\/widgets-descripcio\/\" target=\"_blank\" rel=\"noopener noreferrer\">M\u00e9s informaci\u00f3<\/a>]<\/td>\n<td style=\"vertical-align: top;\">\u00a0<a href=\"https:\/\/www.dropbox.com\/s\/84i7zmqn352fra7\/FWidgets.zip?dl=0\" target=\"_blank\" rel=\"attachment wp-att-95 noopener noreferrer\"><img loading=\"lazy\" decoding=\"async\" class=\"alignnone wp-image-95\" title=\"Descarregar el codi font.\" src=\"http:\/\/15.188.72.69\/wp-content\/uploads\/2016\/01\/ZIP.png\" alt=\"Zip\" width=\"32\" height=\"32\" srcset=\"https:\/\/www.froses.com\/wp-content\/uploads\/2016\/01\/ZIP.png 256w, https:\/\/www.froses.com\/wp-content\/uploads\/2016\/01\/ZIP-150x150.png 150w\" sizes=\"auto, (max-width: 32px) 100vw, 32px\" \/><\/a><\/td>\n<\/tr>\n<\/tbody>\n<\/table>\n<p><u><strong>Av\u00eds<\/strong><\/u><strong>:<\/strong><u> <\/u><strong>No em faig responsable dels possibles danys que pugui sofrir l&#8217;usuari del meu software. Qui el faci servir ho fa sota la seva pr\u00f2pia responsabilitat. <\/strong><\/p>\n","protected":false},"excerpt":{"rendered":"<p>Durant la meva traject\u00f2ria professional en el m\u00f3n de la inform\u00e0tica, he desenvolupat algunes eines\u00a0que crec que poden ser d&#8217;inter\u00e8s general. Poc a poc, les anir\u00e9 posant en aquest apartat. Val a dir, que tot el que hi trobaran ha estat desenvolupat per al meu \u00fas personal, per la qual cosa, poden trobar-hi errors i [&hellip;]<\/p>\n","protected":false},"author":1,"featured_media":0,"parent":0,"menu_order":0,"comment_status":"closed","ping_status":"closed","template":"page-templates\/full-width.php","meta":{"footnotes":""},"class_list":["post-64","page","type-page","status-publish","hentry"],"_links":{"self":[{"href":"https:\/\/www.froses.com\/index.php\/wp-json\/wp\/v2\/pages\/64","targetHints":{"allow":["GET"]}}],"collection":[{"href":"https:\/\/www.froses.com\/index.php\/wp-json\/wp\/v2\/pages"}],"about":[{"href":"https:\/\/www.froses.com\/index.php\/wp-json\/wp\/v2\/types\/page"}],"author":[{"embeddable":true,"href":"https:\/\/www.froses.com\/index.php\/wp-json\/wp\/v2\/users\/1"}],"replies":[{"embeddable":true,"href":"https:\/\/www.froses.com\/index.php\/wp-json\/wp\/v2\/comments?post=64"}],"version-history":[{"count":25,"href":"https:\/\/www.froses.com\/index.php\/wp-json\/wp\/v2\/pages\/64\/revisions"}],"predecessor-version":[{"id":367,"href":"https:\/\/www.froses.com\/index.php\/wp-json\/wp\/v2\/pages\/64\/revisions\/367"}],"wp:attachment":[{"href":"https:\/\/www.froses.com\/index.php\/wp-json\/wp\/v2\/media?parent=64"}],"curies":[{"name":"wp","href":"https:\/\/api.w.org\/{rel}","templated":true}]}}